{"id":421,"date":"2017-12-06T14:41:10","date_gmt":"2017-12-06T13:41:10","guid":{"rendered":"https:\/\/laitacherhof.it\/sommerurlaub-suedtirol\/"},"modified":"2018-08-08T10:17:18","modified_gmt":"2018-08-08T08:17:18","slug":"vacanze-estate-alto-adige","status":"publish","type":"page","link":"https:\/\/new.laitacherhof.it\/it\/vacanze-estate-alto-adige\/","title":{"rendered":"Estate"},"content":{"rendered":"<p><img loading=\"lazy\" decoding=\"async\" class=\"apfelhome aligncenter wp-image-28\" src=\"https:\/\/new.laitacherhof.it\/wp-content\/uploads\/apfel-logo-braun-laitacherhof-klausen.png\" alt=\"\" width=\"100\" height=\"68\" srcset=\"https:\/\/new.laitacherhof.it\r\n\/wp-content\/uploads\/apfel-logo-braun-laitacherhof-klausen.png 208w, https:\/\/new.laitacherhof.it\r\n\/wp-content\/uploads\/apfel-logo-braun-laitacherhof-klausen-50x34.png 50w, https:\/\/new.laitacherhof.it\r\n\/wp-content\/uploads\/apfel-logo-braun-laitacherhof-klausen-110x75.png 110w\" sizes=\"auto, (max-width:767px) 100px, 100px\" \/><\/p>\n<h1>Estate in Alto Adige: una vacanza, mille esperienze!<\/h1>\n<p>La Valle Isarco \u00e8 chiamata anche la \u201cvalle dei sentieri\u201d e con buona ragione: dalla passeggiata lungo il fiume Isarco ai sentieri di mezza montagna fino ai tour in vetta, le possibilit\u00e0 per fare passeggiate ed escursioni sono innumerevoli. Che siate amanti del trekking, alpinisti accaniti o famiglie con bambini, qui troverete senz\u2019altro i percorsi giusti per voi. Le vacanze estive in Alto Adige sono sempre un\u2019esperienza varia e in perfetto equilibrio tra l\u2019avventura e il relax. Sentieri escursionistici o percorsi per mountain bike? Un tuffo in un lago dall\u2019acqua cristallina o nella piscina del nostro residence? La scelta \u00e8 vostra!<\/p>\n<h2>Piacevoli passeggiate ed emozionanti tour ad alta quota<\/h2>\n<p>I tranquilli sentieri escursionistici che conducono alla vicina Alpe di Villandro, una delle pi\u00f9 grandi dell\u2019Alto Adige, s\u2019inoltrano tra fragranti boschi di pino cembro e offrono scorci mozzafiato sulle Dolomiti. Il sentiero che porta alla malga Lazfons e all\u2019omonimo santuario \u00e8 un po\u2019 pi\u00f9 ripida, ma una volta giunti a destinazione lo sforzo \u00e8 ripagato dalla splendida vista arricchita dalla pittoresca sagoma del santuario a pi\u00f9 alta quota d\u2019Europa. Il lago Rodella, sopra l\u2019Alpe di Velturno, \u00e8 un vero insider tip e una meta molto amata dalla gente del posto. Il sentiero Adolf Munkel, che conduce di malga in malga ai piedi delle Odle di Funes, offre un\u2019esperienza unica in termini di bellezza panoramica. A Bressanone invece \u00e8 la Plose a offrire splendidi percorsi a misura di famiglia, come il sentiero Woody Walk, dove i piccoli esploratori possono divertirsi con le stazioni per il gioco e la scoperta lungo il cammino. Un\u2019altra attrazione molto amata dai bambini sono le cascate di Barbiano.<\/p>\n","protected":false},"excerpt":{"rendered":"<p>Estate in Alto Adige: una vacanza, mille esperienze! La Valle Isarco \u00e8 chiamata anche la \u201cvalle dei sentieri\u201d e con buona ragione: dalla passeggiata lungo il<span class=\"excerpt-hellip\"> [\u2026]<\/span><\/p>\n","protected":false},"author":1,"featured_media":0,"parent":0,"menu_order":0,"comment_status":"closed","ping_status":"closed","template":"","meta":{"footnotes":""},"class_list":["post-421","page","type-page","status-publish","hentry"],"yoast_head":"<!-- This site is optimized with the Yoast SEO plugin v27.2 - https:\/\/yoast.com\/product\/yoast-seo-wordpress\/ -->\n<title>Estate in Alto Adige: vacanze emozionanti per grandi e piccini<\/title>\n<meta name=\"description\" content=\"Voglia d\u2019estate, voglia di vacanze in Alto Adige! Venite ad esplorare le montagne e le malghe della Valle Isarco\u2026 vi aspettiamo al Residence Laitacherhof!\" \/>\n<meta name=\"robots\" content=\"index, follow, max-snippet:-1, max-image-preview:large, max-video-preview:-1\" \/>\n<link rel=\"canonical\" href=\"https:\/\/new.laitacherhof.it\/it\/vacanze-estate-alto-adige\/\" \/>\n<meta name=\"twitter:label1\" content=\"Tempo di lettura stimato\" \/>\n\t<meta name=\"twitter:data1\" content=\"1 minuto\" \/>\n<script type=\"application\/ld+json\" class=\"yoast-schema-graph\">{\"@context\":\"https:\/\/schema.org\",\"@graph\":[{\"@type\":\"WebPage\",\"@id\":\"https:\/\/new.laitacherhof.it\/it\/vacanze-estate-alto-adige\/\",\"url\":\"https:\/\/new.laitacherhof.it\/it\/vacanze-estate-alto-adige\/\",\"name\":\"Estate in Alto Adige: vacanze emozionanti per grandi e piccini\",\"isPartOf\":{\"@id\":\"https:\/\/new.laitacherhof.it\/#website\"},\"primaryImageOfPage\":{\"@id\":\"https:\/\/new.laitacherhof.it\/it\/vacanze-estate-alto-adige\/#primaryimage\"},\"image\":{\"@id\":\"https:\/\/new.laitacherhof.it\/it\/vacanze-estate-alto-adige\/#primaryimage\"},\"thumbnailUrl\":\"https:\/\/new.laitacherhof.it\/wp-content\/uploads\/apfel-logo-braun-laitacherhof-klausen.png\",\"datePublished\":\"2017-12-06T13:41:10+00:00\",\"dateModified\":\"2018-08-08T08:17:18+00:00\",\"description\":\"Voglia d\u2019estate, voglia di vacanze in Alto Adige! Venite ad esplorare le montagne e le malghe della Valle Isarco\u2026 vi aspettiamo al Residence Laitacherhof!\",\"breadcrumb\":{\"@id\":\"https:\/\/new.laitacherhof.it\/it\/vacanze-estate-alto-adige\/#breadcrumb\"},\"inLanguage\":\"it-IT\",\"potentialAction\":[{\"@type\":\"ReadAction\",\"target\":[\"https:\/\/new.laitacherhof.it\/it\/vacanze-estate-alto-adige\/\"]}]},{\"@type\":\"ImageObject\",\"inLanguage\":\"it-IT\",\"@id\":\"https:\/\/new.laitacherhof.it\/it\/vacanze-estate-alto-adige\/#primaryimage\",\"url\":\"https:\/\/new.laitacherhof.it\/wp-content\/uploads\/apfel-logo-braun-laitacherhof-klausen.png\",\"contentUrl\":\"https:\/\/new.laitacherhof.it\/wp-content\/uploads\/apfel-logo-braun-laitacherhof-klausen.png\"},{\"@type\":\"BreadcrumbList\",\"@id\":\"https:\/\/new.laitacherhof.it\/it\/vacanze-estate-alto-adige\/#breadcrumb\",\"itemListElement\":[{\"@type\":\"ListItem\",\"position\":1,\"name\":\"Startseite\",\"item\":\"https:\/\/new.laitacherhof.it\/it\/\"},{\"@type\":\"ListItem\",\"position\":2,\"name\":\"Estate\"}]},{\"@type\":\"WebSite\",\"@id\":\"https:\/\/new.laitacherhof.it\/#website\",\"url\":\"https:\/\/new.laitacherhof.it\/\",\"name\":\"Laitacherhof\",\"description\":\"Urlaub in S\u00fcdtirol\",\"publisher\":{\"@id\":\"https:\/\/new.laitacherhof.it\/#organization\"},\"potentialAction\":[{\"@type\":\"SearchAction\",\"target\":{\"@type\":\"EntryPoint\",\"urlTemplate\":\"https:\/\/new.laitacherhof.it\/?s={search_term_string}\"},\"query-input\":{\"@type\":\"PropertyValueSpecification\",\"valueRequired\":true,\"valueName\":\"search_term_string\"}}],\"inLanguage\":\"it-IT\"},{\"@type\":\"Organization\",\"@id\":\"https:\/\/new.laitacherhof.it\/#organization\",\"name\":\"Residence Laitacherhof\",\"url\":\"https:\/\/new.laitacherhof.it\/\",\"logo\":{\"@type\":\"ImageObject\",\"inLanguage\":\"it-IT\",\"@id\":\"https:\/\/new.laitacherhof.it\/#\/schema\/logo\/image\/\",\"url\":\"https:\/\/www.laitacherhof.it\/wp-content\/uploads\/laitacherhof-logo-sw-e1509022359795.png\",\"contentUrl\":\"https:\/\/www.laitacherhof.it\/wp-content\/uploads\/laitacherhof-logo-sw-e1509022359795.png\",\"width\":396,\"height\":260,\"caption\":\"Residence Laitacherhof\"},\"image\":{\"@id\":\"https:\/\/new.laitacherhof.it\/#\/schema\/logo\/image\/\"}}]}<\/script>\n<!-- \/ Yoast SEO plugin. -->","yoast_head_json":{"title":"Estate in Alto Adige: vacanze emozionanti per grandi e piccini","description":"Voglia d\u2019estate, voglia di vacanze in Alto Adige! Venite ad esplorare le montagne e le malghe della Valle Isarco\u2026 vi aspettiamo al Residence Laitacherhof!","robots":{"index":"index","follow":"follow","max-snippet":"max-snippet:-1","max-image-preview":"max-image-preview:large","max-video-preview":"max-video-preview:-1"},"canonical":"https:\/\/new.laitacherhof.it\/it\/vacanze-estate-alto-adige\/","twitter_misc":{"Tempo di lettura stimato":"1 minuto"},"schema":{"@context":"https:\/\/schema.org","@graph":[{"@type":"WebPage","@id":"https:\/\/new.laitacherhof.it\/it\/vacanze-estate-alto-adige\/","url":"https:\/\/new.laitacherhof.it\/it\/vacanze-estate-alto-adige\/","name":"Estate in Alto Adige: vacanze emozionanti per grandi e piccini","isPartOf":{"@id":"https:\/\/new.laitacherhof.it\/#website"},"primaryImageOfPage":{"@id":"https:\/\/new.laitacherhof.it\/it\/vacanze-estate-alto-adige\/#primaryimage"},"image":{"@id":"https:\/\/new.laitacherhof.it\/it\/vacanze-estate-alto-adige\/#primaryimage"},"thumbnailUrl":"https:\/\/new.laitacherhof.it\/wp-content\/uploads\/apfel-logo-braun-laitacherhof-klausen.png","datePublished":"2017-12-06T13:41:10+00:00","dateModified":"2018-08-08T08:17:18+00:00","description":"Voglia d\u2019estate, voglia di vacanze in Alto Adige! Venite ad esplorare le montagne e le malghe della Valle Isarco\u2026 vi aspettiamo al Residence Laitacherhof!","breadcrumb":{"@id":"https:\/\/new.laitacherhof.it\/it\/vacanze-estate-alto-adige\/#breadcrumb"},"inLanguage":"it-IT","potentialAction":[{"@type":"ReadAction","target":["https:\/\/new.laitacherhof.it\/it\/vacanze-estate-alto-adige\/"]}]},{"@type":"ImageObject","inLanguage":"it-IT","@id":"https:\/\/new.laitacherhof.it\/it\/vacanze-estate-alto-adige\/#primaryimage","url":"https:\/\/new.laitacherhof.it\/wp-content\/uploads\/apfel-logo-braun-laitacherhof-klausen.png","contentUrl":"https:\/\/new.laitacherhof.it\/wp-content\/uploads\/apfel-logo-braun-laitacherhof-klausen.png"},{"@type":"BreadcrumbList","@id":"https:\/\/new.laitacherhof.it\/it\/vacanze-estate-alto-adige\/#breadcrumb","itemListElement":[{"@type":"ListItem","position":1,"name":"Startseite","item":"https:\/\/new.laitacherhof.it\/it\/"},{"@type":"ListItem","position":2,"name":"Estate"}]},{"@type":"WebSite","@id":"https:\/\/new.laitacherhof.it\/#website","url":"https:\/\/new.laitacherhof.it\/","name":"Laitacherhof","description":"Urlaub in S\u00fcdtirol","publisher":{"@id":"https:\/\/new.laitacherhof.it\/#organization"},"potentialAction":[{"@type":"SearchAction","target":{"@type":"EntryPoint","urlTemplate":"https:\/\/new.laitacherhof.it\/?s={search_term_string}"},"query-input":{"@type":"PropertyValueSpecification","valueRequired":true,"valueName":"search_term_string"}}],"inLanguage":"it-IT"},{"@type":"Organization","@id":"https:\/\/new.laitacherhof.it\/#organization","name":"Residence Laitacherhof","url":"https:\/\/new.laitacherhof.it\/","logo":{"@type":"ImageObject","inLanguage":"it-IT","@id":"https:\/\/new.laitacherhof.it\/#\/schema\/logo\/image\/","url":"https:\/\/www.laitacherhof.it\/wp-content\/uploads\/laitacherhof-logo-sw-e1509022359795.png","contentUrl":"https:\/\/www.laitacherhof.it\/wp-content\/uploads\/laitacherhof-logo-sw-e1509022359795.png","width":396,"height":260,"caption":"Residence Laitacherhof"},"image":{"@id":"https:\/\/new.laitacherhof.it\/#\/schema\/logo\/image\/"}}]}},"_links":{"self":[{"href":"https:\/\/new.laitacherhof.it\/it\/wp-json\/wp\/v2\/pages\/421","targetHints":{"allow":["GET"]}}],"collection":[{"href":"https:\/\/new.laitacherhof.it\/it\/wp-json\/wp\/v2\/pages"}],"about":[{"href":"https:\/\/new.laitacherhof.it\/it\/wp-json\/wp\/v2\/types\/page"}],"author":[{"embeddable":true,"href":"https:\/\/new.laitacherhof.it\/it\/wp-json\/wp\/v2\/users\/1"}],"replies":[{"embeddable":true,"href":"https:\/\/new.laitacherhof.it\/it\/wp-json\/wp\/v2\/comments?post=421"}],"version-history":[{"count":3,"href":"https:\/\/new.laitacherhof.it\/it\/wp-json\/wp\/v2\/pages\/421\/revisions"}],"predecessor-version":[{"id":795,"href":"https:\/\/new.laitacherhof.it\/it\/wp-json\/wp\/v2\/pages\/421\/revisions\/795"}],"wp:attachment":[{"href":"https:\/\/new.laitacherhof.it\/it\/wp-json\/wp\/v2\/media?parent=421"}],"curies":[{"name":"wp","href":"https:\/\/api.w.org\/{rel}","templated":true}]}}