{"id":390,"date":"2017-10-26T14:27:28","date_gmt":"2017-10-26T12:27:28","guid":{"rendered":"https:\/\/laitacherhof.it\/home\/"},"modified":"2026-03-18T08:32:34","modified_gmt":"2026-03-18T07:32:34","slug":"home","status":"publish","type":"page","link":"https:\/\/new.laitacherhof.it\/it\/","title":{"rendered":"Home"},"content":{"rendered":"<p><img loading=\"lazy\" decoding=\"async\" class=\"apfelhome aligncenter wp-image-28\" src=\"https:\/\/new.laitacherhof.it\/wp-content\/uploads\/apfel-logo-braun-laitacherhof-klausen.png\" alt=\"\" width=\"100\" height=\"68\" srcset=\"https:\/\/new.laitacherhof.it\r\n\/wp-content\/uploads\/apfel-logo-braun-laitacherhof-klausen.png 208w, https:\/\/new.laitacherhof.it\r\n\/wp-content\/uploads\/apfel-logo-braun-laitacherhof-klausen-50x34.png 50w, https:\/\/new.laitacherhof.it\r\n\/wp-content\/uploads\/apfel-logo-braun-laitacherhof-klausen-110x75.png 110w\" sizes=\"auto, (max-width:767px) 100px, 100px\" \/><\/p>\n<h1>Der Laitacherhof:<\/h1>\n<h2>Ihre Ferienwohnung mit Sauna und Pool in Klausen<\/h2>\n<p>\u00a0<\/p>\n<p><strong>Grenzenlose Freiheit<br \/><\/strong>Mal nicht auf die Uhr sehen. Das tun, was einem gerade Spa\u00df macht. S\u00fcdtirol und dessen einmalige Naturlandschaft erkunden. Genie\u00dfen Sie in Ihrer Ferienwohnung mit <a title=\"Ferienwohnungen mit Sauna in S\u00fcdtirol\" href=\"https:\/\/new.laitacherhof.it\/pool-sauna\">Sauna und Pool<\/a> Ihren Urlaub so, wie Sie das m\u00f6chten: ganz ohne Termindruck und fixe Essenszeiten. Die Residence Laitacherhof, beherbergt ger\u00e4umige, stilvolle und bestens ausgestattete <a title=\"Ferienwohnungen in S\u00fcdtirol\" href=\"https:\/\/new.laitacherhof.it\/ferienwohnung-sauna-preise\">Ferienwohnungen<\/a> zum Wohlf\u00fchlen. Am Eingang des K\u00fcnstlerst\u00e4dtchens Klausen im Eisacktal\/S\u00fcdtirol gelegen, schmiegt sie sich an den markanten S\u00e4bener Klosterfelsen in unmittelbarer N\u00e4he zur Klausner Altstadt und im Winter Nahe dem Skigebiet Gr\u00f6den.<\/p>\n<h2>CIN: 021022B4VG2DLRQZ<\/h2>\n\n<p><\/p>\n","protected":false},"excerpt":{"rendered":"<p>Der Laitacherhof: Ihre Ferienwohnung mit Sauna und Pool in Klausen \u00a0 Grenzenlose FreiheitMal nicht auf die Uhr sehen. Das tun, was einem gerade Spa\u00df macht. S\u00fcdtirol<span class=\"excerpt-hellip\"> [\u2026]<\/span><\/p>\n","protected":false},"author":1,"featured_media":0,"parent":0,"menu_order":0,"comment_status":"closed","ping_status":"closed","template":"","meta":{"footnotes":""},"class_list":["post-390","page","type-page","status-publish","hentry"],"yoast_head":"<!-- This site is optimized with the Yoast SEO plugin v27.2 - https:\/\/yoast.com\/product\/yoast-seo-wordpress\/ -->\n<title>Laitacherhof: il vostro appartamento vacanze con sauna in Alto Adige<\/title>\n<meta name=\"description\" content=\"Cercate un appartamento vacanze in Alto Adige con sauna? Scoprite il Residence Laitacherhof e godetevi una vacanza come piace a voi!\" \/>\n<meta name=\"robots\" content=\"index, follow, max-snippet:-1, max-image-preview:large, max-video-preview:-1\" \/>\n<link rel=\"canonical\" href=\"https:\/\/new.laitacherhof.it\/it\/\" \/>\n<meta name=\"twitter:label1\" content=\"Tempo di lettura stimato\" \/>\n\t<meta name=\"twitter:data1\" content=\"1 minuto\" \/>\n<script type=\"application\/ld+json\" class=\"yoast-schema-graph\">{\"@context\":\"https:\/\/schema.org\",\"@graph\":[{\"@type\":\"WebPage\",\"@id\":\"https:\/\/new.laitacherhof.it\/it\/\",\"url\":\"https:\/\/new.laitacherhof.it\/it\/\",\"name\":\"Laitacherhof: il vostro appartamento vacanze con sauna in Alto Adige\",\"isPartOf\":{\"@id\":\"https:\/\/new.laitacherhof.it\/#website\"},\"primaryImageOfPage\":{\"@id\":\"https:\/\/new.laitacherhof.it\/it\/#primaryimage\"},\"image\":{\"@id\":\"https:\/\/new.laitacherhof.it\/it\/#primaryimage\"},\"thumbnailUrl\":\"https:\/\/new.laitacherhof.it\/wp-content\/uploads\/apfel-logo-braun-laitacherhof-klausen.png\",\"datePublished\":\"2017-10-26T12:27:28+00:00\",\"dateModified\":\"2026-03-18T07:32:34+00:00\",\"description\":\"Cercate un appartamento vacanze in Alto Adige con sauna? Scoprite il Residence Laitacherhof e godetevi una vacanza come piace a voi!\",\"breadcrumb\":{\"@id\":\"https:\/\/new.laitacherhof.it\/it\/#breadcrumb\"},\"inLanguage\":\"it-IT\",\"potentialAction\":[{\"@type\":\"ReadAction\",\"target\":[\"https:\/\/new.laitacherhof.it\/it\/\"]}]},{\"@type\":\"ImageObject\",\"inLanguage\":\"it-IT\",\"@id\":\"https:\/\/new.laitacherhof.it\/it\/#primaryimage\",\"url\":\"https:\/\/new.laitacherhof.it\/wp-content\/uploads\/apfel-logo-braun-laitacherhof-klausen.png\",\"contentUrl\":\"https:\/\/new.laitacherhof.it\/wp-content\/uploads\/apfel-logo-braun-laitacherhof-klausen.png\"},{\"@type\":\"BreadcrumbList\",\"@id\":\"https:\/\/new.laitacherhof.it\/it\/#breadcrumb\",\"itemListElement\":[{\"@type\":\"ListItem\",\"position\":1,\"name\":\"Startseite\",\"item\":\"https:\/\/new.laitacherhof.it\/it\/\"},{\"@type\":\"ListItem\",\"position\":2,\"name\":\"Home\"}]},{\"@type\":\"WebSite\",\"@id\":\"https:\/\/new.laitacherhof.it\/#website\",\"url\":\"https:\/\/new.laitacherhof.it\/\",\"name\":\"Laitacherhof\",\"description\":\"Urlaub in S\u00fcdtirol\",\"publisher\":{\"@id\":\"https:\/\/new.laitacherhof.it\/#organization\"},\"potentialAction\":[{\"@type\":\"SearchAction\",\"target\":{\"@type\":\"EntryPoint\",\"urlTemplate\":\"https:\/\/new.laitacherhof.it\/?s={search_term_string}\"},\"query-input\":{\"@type\":\"PropertyValueSpecification\",\"valueRequired\":true,\"valueName\":\"search_term_string\"}}],\"inLanguage\":\"it-IT\"},{\"@type\":\"Organization\",\"@id\":\"https:\/\/new.laitacherhof.it\/#organization\",\"name\":\"Residence Laitacherhof\",\"url\":\"https:\/\/new.laitacherhof.it\/\",\"logo\":{\"@type\":\"ImageObject\",\"inLanguage\":\"it-IT\",\"@id\":\"https:\/\/new.laitacherhof.it\/#\/schema\/logo\/image\/\",\"url\":\"https:\/\/www.laitacherhof.it\/wp-content\/uploads\/laitacherhof-logo-sw-e1509022359795.png\",\"contentUrl\":\"https:\/\/www.laitacherhof.it\/wp-content\/uploads\/laitacherhof-logo-sw-e1509022359795.png\",\"width\":396,\"height\":260,\"caption\":\"Residence Laitacherhof\"},\"image\":{\"@id\":\"https:\/\/new.laitacherhof.it\/#\/schema\/logo\/image\/\"}}]}<\/script>\n<!-- \/ Yoast SEO plugin. -->","yoast_head_json":{"title":"Laitacherhof: il vostro appartamento vacanze con sauna in Alto Adige","description":"Cercate un appartamento vacanze in Alto Adige con sauna? Scoprite il Residence Laitacherhof e godetevi una vacanza come piace a voi!","robots":{"index":"index","follow":"follow","max-snippet":"max-snippet:-1","max-image-preview":"max-image-preview:large","max-video-preview":"max-video-preview:-1"},"canonical":"https:\/\/new.laitacherhof.it\/it\/","twitter_misc":{"Tempo di lettura stimato":"1 minuto"},"schema":{"@context":"https:\/\/schema.org","@graph":[{"@type":"WebPage","@id":"https:\/\/new.laitacherhof.it\/it\/","url":"https:\/\/new.laitacherhof.it\/it\/","name":"Laitacherhof: il vostro appartamento vacanze con sauna in Alto Adige","isPartOf":{"@id":"https:\/\/new.laitacherhof.it\/#website"},"primaryImageOfPage":{"@id":"https:\/\/new.laitacherhof.it\/it\/#primaryimage"},"image":{"@id":"https:\/\/new.laitacherhof.it\/it\/#primaryimage"},"thumbnailUrl":"https:\/\/new.laitacherhof.it\/wp-content\/uploads\/apfel-logo-braun-laitacherhof-klausen.png","datePublished":"2017-10-26T12:27:28+00:00","dateModified":"2026-03-18T07:32:34+00:00","description":"Cercate un appartamento vacanze in Alto Adige con sauna? Scoprite il Residence Laitacherhof e godetevi una vacanza come piace a voi!","breadcrumb":{"@id":"https:\/\/new.laitacherhof.it\/it\/#breadcrumb"},"inLanguage":"it-IT","potentialAction":[{"@type":"ReadAction","target":["https:\/\/new.laitacherhof.it\/it\/"]}]},{"@type":"ImageObject","inLanguage":"it-IT","@id":"https:\/\/new.laitacherhof.it\/it\/#primaryimage","url":"https:\/\/new.laitacherhof.it\/wp-content\/uploads\/apfel-logo-braun-laitacherhof-klausen.png","contentUrl":"https:\/\/new.laitacherhof.it\/wp-content\/uploads\/apfel-logo-braun-laitacherhof-klausen.png"},{"@type":"BreadcrumbList","@id":"https:\/\/new.laitacherhof.it\/it\/#breadcrumb","itemListElement":[{"@type":"ListItem","position":1,"name":"Startseite","item":"https:\/\/new.laitacherhof.it\/it\/"},{"@type":"ListItem","position":2,"name":"Home"}]},{"@type":"WebSite","@id":"https:\/\/new.laitacherhof.it\/#website","url":"https:\/\/new.laitacherhof.it\/","name":"Laitacherhof","description":"Urlaub in S\u00fcdtirol","publisher":{"@id":"https:\/\/new.laitacherhof.it\/#organization"},"potentialAction":[{"@type":"SearchAction","target":{"@type":"EntryPoint","urlTemplate":"https:\/\/new.laitacherhof.it\/?s={search_term_string}"},"query-input":{"@type":"PropertyValueSpecification","valueRequired":true,"valueName":"search_term_string"}}],"inLanguage":"it-IT"},{"@type":"Organization","@id":"https:\/\/new.laitacherhof.it\/#organization","name":"Residence Laitacherhof","url":"https:\/\/new.laitacherhof.it\/","logo":{"@type":"ImageObject","inLanguage":"it-IT","@id":"https:\/\/new.laitacherhof.it\/#\/schema\/logo\/image\/","url":"https:\/\/www.laitacherhof.it\/wp-content\/uploads\/laitacherhof-logo-sw-e1509022359795.png","contentUrl":"https:\/\/www.laitacherhof.it\/wp-content\/uploads\/laitacherhof-logo-sw-e1509022359795.png","width":396,"height":260,"caption":"Residence Laitacherhof"},"image":{"@id":"https:\/\/new.laitacherhof.it\/#\/schema\/logo\/image\/"}}]}},"_links":{"self":[{"href":"https:\/\/new.laitacherhof.it\/it\/wp-json\/wp\/v2\/pages\/390","targetHints":{"allow":["GET"]}}],"collection":[{"href":"https:\/\/new.laitacherhof.it\/it\/wp-json\/wp\/v2\/pages"}],"about":[{"href":"https:\/\/new.laitacherhof.it\/it\/wp-json\/wp\/v2\/types\/page"}],"author":[{"embeddable":true,"href":"https:\/\/new.laitacherhof.it\/it\/wp-json\/wp\/v2\/users\/1"}],"replies":[{"embeddable":true,"href":"https:\/\/new.laitacherhof.it\/it\/wp-json\/wp\/v2\/comments?post=390"}],"version-history":[{"count":12,"href":"https:\/\/new.laitacherhof.it\/it\/wp-json\/wp\/v2\/pages\/390\/revisions"}],"predecessor-version":[{"id":1885,"href":"https:\/\/new.laitacherhof.it\/it\/wp-json\/wp\/v2\/pages\/390\/revisions\/1885"}],"wp:attachment":[{"href":"https:\/\/new.laitacherhof.it\/it\/wp-json\/wp\/v2\/media?parent=390"}],"curies":[{"name":"wp","href":"https:\/\/api.w.org\/{rel}","templated":true}]}}